{"id":32,"date":"2024-07-24T10:11:23","date_gmt":"2024-07-24T10:11:23","guid":{"rendered":"https:\/\/demo2wpopal.b-cdn.net\/havezic\/?page_id=32"},"modified":"2025-09-27T14:34:07","modified_gmt":"2025-09-27T14:34:07","slug":"home","status":"publish","type":"page","link":"https:\/\/rawaheltravels.com\/ar\/","title":{"rendered":"\u0627\u0644\u0631\u0626\u064a\u0633\u064a\u0629"},"content":{"rendered":"<div data-elementor-type=\"wp-page\" data-elementor-id=\"32\" class=\"elementor elementor-32\" data-elementor-post-type=\"page\">\n\t\t\t\t<div class=\"elementor-element elementor-element-18008b3 e-con-full e-flex e-con e-parent\" data-id=\"18008b3\" data-element_type=\"container\" data-settings=\"{&quot;background_background&quot;:&quot;video&quot;,&quot;background_video_link&quot;:&quot;https:\\\/\\\/umraspain.com\\\/wp-content\\\/uploads\\\/2025\\\/01\\\/omra-video-1.mp4&quot;}\">\n\t\t<div class=\"elementor-background-video-container elementor-hidden-mobile\" aria-hidden=\"true\">\n\t\t\t\t\t\t\t<video class=\"elementor-background-video-hosted\" autoplay muted playsinline loop><\/video>\n\t\t\t\t\t<\/div>\t\t<div class=\"elementor-element elementor-element-2534ff3 elementor-widget elementor-widget-heading\" data-id=\"2534ff3\" data-element_type=\"widget\" data-widget_type=\"heading.default\">\n\t\t\t\t<div class=\"elementor-widget-container\">\n\t\t\t\t\t<div class=\"elementor-heading-title elementor-size-default\">\u0627\u0643\u062a\u0634\u0641 \u062d\u064a\u0627\u062a\u0643!<\/div>\t\t\t\t<\/div>\n\t\t\t\t<\/div>\n\t\t\t\t<div class=\"elementor-element elementor-element-effe220 elementor-widget elementor-widget-heading\" data-id=\"effe220\" data-element_type=\"widget\" data-widget_type=\"heading.default\">\n\t\t\t\t<div class=\"elementor-widget-container\">\n\t\t\t\t\t<h1 class=\"elementor-heading-title elementor-size-default\">Hajj y Umrah 2025 - 2026 desde Espa\u00f1a<\/h1>\t\t\t\t<\/div>\n\t\t\t\t<\/div>\n\t\t\t\t<div class=\"elementor-element elementor-element-194e4a4 elementor-widget elementor-widget-heading\" data-id=\"194e4a4\" data-element_type=\"widget\" data-widget_type=\"heading.default\">\n\t\t\t\t<div class=\"elementor-widget-container\">\n\t\t\t\t\t<p class=\"elementor-heading-title elementor-size-default\">Haciendo realidad tus sue\u00f1os de peregrinaci\u00f3n. Descubre nuestros programas especiales para el Hajj 2026 y la Umrah 2026 desde Espa\u00f1a.<\/p>\t\t\t\t<\/div>\n\t\t\t\t<\/div>\n\t\t\t\t<div class=\"elementor-element elementor-element-ab4d033 elementor-icon-list--layout-inline elementor-tablet-align-center elementor-mobile-align-center elementor-list-item-link-full_width elementor-widget elementor-widget-icon-list\" data-id=\"ab4d033\" data-element_type=\"widget\" data-widget_type=\"icon-list.default\">\n\t\t\t\t<div class=\"elementor-widget-container\">\n\t\t\t\t\t\t\t<ul class=\"elementor-icon-list-items elementor-inline-items\">\n\t\t\t\t\t\t\t<li class=\"elementor-icon-list-item elementor-inline-item\">\n\t\t\t\t\t\t\t\t\t\t\t<span class=\"elementor-icon-list-icon\">\n\t\t\t\t\t\t\t<i aria-hidden=\"true\" class=\"havezic-icon- havezic-icon-check-verified\"><\/i>\t\t\t\t\t\t<\/span>\n\t\t\t\t\t\t\t\t\t\t<span class=\"elementor-icon-list-text\">\u0636\u0645\u0627\u0646 \u0623\u0641\u0636\u0644 \u0633\u0639\u0631<\/span>\n\t\t\t\t\t\t\t\t\t<\/li>\n\t\t\t\t\t\t\t\t<li class=\"elementor-icon-list-item elementor-inline-item\">\n\t\t\t\t\t\t\t\t\t\t\t<span class=\"elementor-icon-list-icon\">\n\t\t\t\t\t\t\t<i aria-hidden=\"true\" class=\"havezic-icon- havezic-icon-headphone-line\"><\/i>\t\t\t\t\t\t<\/span>\n\t\t\t\t\t\t\t\t\t\t<span class=\"elementor-icon-list-text\">\u062f\u0639\u0645 \u0627\u0644\u0639\u0645\u0644\u0627\u0621 \u0639\u0644\u0649 \u0645\u062f\u0627\u0631 \u0627\u0644\u0633\u0627\u0639\u0629<\/span>\n\t\t\t\t\t\t\t\t\t<\/li>\n\t\t\t\t\t\t\t\t<li class=\"elementor-icon-list-item elementor-inline-item\">\n\t\t\t\t\t\t\t\t\t\t\t<span class=\"elementor-icon-list-icon\">\n\t\t\t\t\t\t\t<i aria-hidden=\"true\" class=\"havezic-icon- havezic-icon-credit-check\"><\/i>\t\t\t\t\t\t<\/span>\n\t\t\t\t\t\t\t\t\t\t<span class=\"elementor-icon-list-text\">\u0631\u062d\u0644\u0627\u062a \u0645\u062e\u0635\u0635\u0629<\/span>\n\t\t\t\t\t\t\t\t\t<\/li>\n\t\t\t\t\t\t<\/ul>\n\t\t\t\t\t\t<\/div>\n\t\t\t\t<\/div>\n\t\t\t\t<div class=\"elementor-element elementor-element-ea06773 elementor-absolute elementor-widget elementor-widget-spacer\" data-id=\"ea06773\" data-element_type=\"widget\" data-settings=\"{&quot;_position&quot;:&quot;absolute&quot;}\" data-widget_type=\"spacer.default\">\n\t\t\t\t<div class=\"elementor-widget-container\">\n\t\t\t\t\t\t\t<div class=\"elementor-spacer\">\n\t\t\t<div class=\"elementor-spacer-inner\"><\/div>\n\t\t<\/div>\n\t\t\t\t\t\t<\/div>\n\t\t\t\t<\/div>\n\t\t\t\t<\/div>\n\t\t<div class=\"elementor-element elementor-element-048c3d9 e-flex e-con-boxed e-con e-parent\" data-id=\"048c3d9\" data-element_type=\"container\">\n\t\t\t\t\t<div class=\"e-con-inner\">\n\t\t\t\t<div class=\"elementor-element elementor-element-880cc62 elementor-widget elementor-widget-spacer\" data-id=\"880cc62\" data-element_type=\"widget\" data-widget_type=\"spacer.default\">\n\t\t\t\t<div class=\"elementor-widget-container\">\n\t\t\t\t\t\t\t<div class=\"elementor-spacer\">\n\t\t\t<div class=\"elementor-spacer-inner\"><\/div>\n\t\t<\/div>\n\t\t\t\t\t\t<\/div>\n\t\t\t\t<\/div>\n\t\t\t\t\t<\/div>\n\t\t\t\t<\/div>\n\t\t<div class=\"elementor-element elementor-element-3f355e7 e-flex e-con-boxed e-con e-parent\" data-id=\"3f355e7\" data-element_type=\"container\">\n\t\t\t\t\t<div class=\"e-con-inner\">\n\t\t\t\t<div class=\"elementor-element elementor-element-7b15459 elementor-widget elementor-widget-heading\" data-id=\"7b15459\" data-element_type=\"widget\" data-widget_type=\"heading.default\">\n\t\t\t\t<div class=\"elementor-widget-container\">\n\t\t\t\t\t<span class=\"elementor-heading-title elementor-size-default\">\u0623\u0641\u0636\u0644 \u0639\u0631\u0648\u0636\u0646\u0627<\/span>\t\t\t\t<\/div>\n\t\t\t\t<\/div>\n\t\t\t\t<div class=\"elementor-element elementor-element-f576bb2 elementor-widget-mobile__width-initial elementor-widget elementor-widget-heading\" data-id=\"f576bb2\" data-element_type=\"widget\" data-widget_type=\"heading.default\">\n\t\t\t\t<div class=\"elementor-widget-container\">\n\t\t\t\t\t<h3 class=\"elementor-heading-title elementor-size-default\">\u0627\u0643\u062a\u0634\u0641 \u0627\u0644\u0639\u0631\u0648\u0636 \u0645\u0639 \u0631\u0648\u0627\u062d\u0644 \u0644\u0644\u0633\u0641\u0631<\/h3>\t\t\t\t<\/div>\n\t\t\t\t<\/div>\n\t\t<div class=\"elementor-element elementor-element-737f199 e-con-full e-flex e-con e-child\" data-id=\"737f199\" data-element_type=\"container\">\n\t\t<div class=\"elementor-element elementor-element-cddee89 e-con-full e-flex e-con e-child\" data-id=\"cddee89\" data-element_type=\"container\" data-settings=\"{&quot;background_background&quot;:&quot;classic&quot;}\">\n\t\t\t\t<div class=\"elementor-element elementor-element-063bf97 elementor-widget elementor-widget-text-editor\" data-id=\"063bf97\" data-element_type=\"widget\" data-widget_type=\"text-editor.default\">\n\t\t\t\t<div class=\"elementor-widget-container\">\n\t\t\t\t\t\t\t\t\t<p>20% de descuento<\/p>\t\t\t\t\t\t\t\t<\/div>\n\t\t\t\t<\/div>\n\t\t\t\t<div class=\"elementor-element elementor-element-f268507 elementor-widget elementor-widget-heading\" data-id=\"f268507\" data-element_type=\"widget\" data-widget_type=\"heading.default\">\n\t\t\t\t<div class=\"elementor-widget-container\">\n\t\t\t\t\t<h3 class=\"elementor-heading-title elementor-size-default\">Hajj 2026<\/h3>\t\t\t\t<\/div>\n\t\t\t\t<\/div>\n\t\t\t\t<div class=\"elementor-element elementor-element-28192fb elementor-widget elementor-widget-text-editor\" data-id=\"28192fb\" data-element_type=\"widget\" data-widget_type=\"text-editor.default\">\n\t\t\t\t<div class=\"elementor-widget-container\">\n\t\t\t\t\t\t\t\t\t<p class=\"\" data-start=\"122\" data-end=\"260\">\u0627\u0633\u062a\u0645\u062a\u0639 \u0628\u062a\u062c\u0631\u0628\u0629 \u0631\u0648\u062d\u064a\u0629 \u0641\u0631\u064a\u062f\u0629 \u0645\u0646 \u0646\u0648\u0639\u0647\u0627 \u0645\u0639 \u0628\u0631\u0627\u0645\u062c \u0633\u064a\u0627\u062d\u064a\u0629 \u0645\u0631\u0646\u0629 \u0648\u0623\u0633\u0639\u0627\u0631 \u062d\u0635\u0631\u064a\u0629.<\/p>\t\t\t\t\t\t\t\t<\/div>\n\t\t\t\t<\/div>\n\t\t\t\t<div class=\"elementor-element elementor-element-19d6918 elementor-align-left elementor-widget elementor-widget-havezic-button\" data-id=\"19d6918\" data-element_type=\"widget\" data-widget_type=\"havezic-button.default\">\n\t\t\t\t<div class=\"elementor-widget-container\">\n\t\t\t\t\t        <div class=\"elementor-button-wrapper\">\n            <a href=\"https:\/\/hajjspain.com\/es\/\" class=\"elementor-button-link elementor-button elementor-size-xs\" role=\"button\">\n                        <span class=\"elementor-button-content-wrapper\">\n\t\t\t                <span class=\"elementor-button-icon left\">\n\t\t\t\t<i aria-hidden=\"true\" class=\"havezic-icon- havezic-icon-arrow-small-right\"><\/i>\t\t\t<\/span>\n            \t\t\t<span class=\"elementor-button-text\">\u0627\u0643\u062a\u0634\u0641 \u0627\u0644\u0622\u0646<\/span>\n                            <span class=\"elementor-button-icon right\">\n                    <i aria-hidden=\"true\" class=\"havezic-icon- havezic-icon-arrow-small-right\"><\/i>\t\t\t    <\/span>\n            \t\t<\/span>\n                    <\/a>\n        <\/div>\n        \t\t\t\t<\/div>\n\t\t\t\t<\/div>\n\t\t\t\t<\/div>\n\t\t<div class=\"elementor-element elementor-element-61c07ca e-con-full e-flex e-con e-child\" data-id=\"61c07ca\" data-element_type=\"container\" data-settings=\"{&quot;background_background&quot;:&quot;classic&quot;}\">\n\t\t\t\t<div class=\"elementor-element elementor-element-2123cab elementor-widget elementor-widget-text-editor\" data-id=\"2123cab\" data-element_type=\"widget\" data-widget_type=\"text-editor.default\">\n\t\t\t\t<div class=\"elementor-widget-container\">\n\t\t\t\t\t\t\t\t\t<p>\u062e\u0635\u0645 25%<\/p>\t\t\t\t\t\t\t\t<\/div>\n\t\t\t\t<\/div>\n\t\t\t\t<div class=\"elementor-element elementor-element-5cd6743 elementor-widget elementor-widget-heading\" data-id=\"5cd6743\" data-element_type=\"widget\" data-widget_type=\"heading.default\">\n\t\t\t\t<div class=\"elementor-widget-container\">\n\t\t\t\t\t<h3 class=\"elementor-heading-title elementor-size-default\">Umrah 2026<\/h3>\t\t\t\t<\/div>\n\t\t\t\t<\/div>\n\t\t\t\t<div class=\"elementor-element elementor-element-19dd6ec elementor-widget elementor-widget-text-editor\" data-id=\"19dd6ec\" data-element_type=\"widget\" data-widget_type=\"text-editor.default\">\n\t\t\t\t<div class=\"elementor-widget-container\">\n\t\t\t\t\t\t\t\t\t<p class=\"\" data-start=\"314\" data-end=\"429\">\u0627\u0633\u062a\u0645\u062a\u0639 \u0628\u062a\u062c\u0631\u0628\u0629 \u0631\u0648\u062d\u064a\u0629 \u0641\u0631\u064a\u062f\u0629 \u0645\u0646 \u0646\u0648\u0639\u0647\u0627 \u0645\u0639 \u0628\u0631\u0627\u0645\u062c \u0633\u064a\u0627\u062d\u064a\u0629 \u0645\u0631\u0646\u0629 \u0648\u0623\u0633\u0639\u0627\u0631 \u062d\u0635\u0631\u064a\u0629.<\/p>\t\t\t\t\t\t\t\t<\/div>\n\t\t\t\t<\/div>\n\t\t\t\t<div class=\"elementor-element elementor-element-9455c5a elementor-align-left elementor-widget elementor-widget-havezic-button\" data-id=\"9455c5a\" data-element_type=\"widget\" data-widget_type=\"havezic-button.default\">\n\t\t\t\t<div class=\"elementor-widget-container\">\n\t\t\t\t\t        <div class=\"elementor-button-wrapper\">\n            <a href=\"https:\/\/umrahspain.com\/es\/\" class=\"elementor-button-link elementor-button elementor-size-xs\" role=\"button\">\n                        <span class=\"elementor-button-content-wrapper\">\n\t\t\t                <span class=\"elementor-button-icon left\">\n\t\t\t\t<i aria-hidden=\"true\" class=\"havezic-icon- havezic-icon-arrow-small-right\"><\/i>\t\t\t<\/span>\n            \t\t\t<span class=\"elementor-button-text\">\u0627\u0643\u062a\u0634\u0641 \u0627\u0644\u0622\u0646<\/span>\n                            <span class=\"elementor-button-icon right\">\n                    <i aria-hidden=\"true\" class=\"havezic-icon- havezic-icon-arrow-small-right\"><\/i>\t\t\t    <\/span>\n            \t\t<\/span>\n                    <\/a>\n        <\/div>\n        \t\t\t\t<\/div>\n\t\t\t\t<\/div>\n\t\t\t\t<\/div>\n\t\t\t\t<\/div>\n\t\t\t\t\t<\/div>\n\t\t\t\t<\/div>\n\t\t\t\t<\/div>","protected":false},"excerpt":{"rendered":"<p>\u00a1Explora tu vida! Hajj y Umrah 2025 &#8211; 2026 desde Espa\u00f1a Haciendo realidad tus sue\u00f1os de peregrinaci\u00f3n. Descubre nuestros programas especiales para el Hajj 2026 y la Umrah 2026 desde Espa\u00f1a. Garant\u00eda del Mejor Precio Soporte al Cliente 24\/7 Viajes Personalizados Nuestras mejores ofertas Descubre ofertas con rawahel travel 20% de descuento Hajj 2026 Vive [&hellip;]<\/p>","protected":false},"author":1,"featured_media":0,"parent":0,"menu_order":0,"comment_status":"closed","ping_status":"closed","template":"template-homepage.php","meta":{"_joinchat":[],"footnotes":""},"class_list":["post-32","page","type-page","status-publish","hentry"],"_hostinger_reach_plugin_has_subscription_block":false,"_hostinger_reach_plugin_is_elementor":false,"_links":{"self":[{"href":"https:\/\/rawaheltravels.com\/ar\/wp-json\/wp\/v2\/pages\/32","targetHints":{"allow":["GET"]}}],"collection":[{"href":"https:\/\/rawaheltravels.com\/ar\/wp-json\/wp\/v2\/pages"}],"about":[{"href":"https:\/\/rawaheltravels.com\/ar\/wp-json\/wp\/v2\/types\/page"}],"author":[{"embeddable":true,"href":"https:\/\/rawaheltravels.com\/ar\/wp-json\/wp\/v2\/users\/1"}],"replies":[{"embeddable":true,"href":"https:\/\/rawaheltravels.com\/ar\/wp-json\/wp\/v2\/comments?post=32"}],"version-history":[{"count":250,"href":"https:\/\/rawaheltravels.com\/ar\/wp-json\/wp\/v2\/pages\/32\/revisions"}],"predecessor-version":[{"id":7383,"href":"https:\/\/rawaheltravels.com\/ar\/wp-json\/wp\/v2\/pages\/32\/revisions\/7383"}],"wp:attachment":[{"href":"https:\/\/rawaheltravels.com\/ar\/wp-json\/wp\/v2\/media?parent=32"}],"curies":[{"name":"wp","href":"https:\/\/api.w.org\/{rel}","templated":true}]}}